{"id":3767,"date":"2019-10-27T10:47:01","date_gmt":"2019-10-27T09:47:01","guid":{"rendered":"https:\/\/katalog.aluteckk.sk\/standardneprofily\/?post_type=product&#038;p=3767"},"modified":"2022-03-31T16:09:01","modified_gmt":"2022-03-31T14:09:01","slug":"hlinikova-tyc-plocha-stvorcova-100-x-30","status":"publish","type":"product","link":"https:\/\/katalog.aluteckk.sk\/standardneprofily\/produkt\/hlinikova-tyc-plocha-stvorcova-100-x-30\/","title":{"rendered":"Hlin\u00edkov\u00e1 ty\u010d ploch\u00e1 \/ \u0161tvorcov\u00e1"},"content":{"rendered":"","protected":false},"excerpt":{"rendered":"","protected":false},"featured_media":1325,"template":"","meta":[],"_links":{"self":[{"href":"https:\/\/katalog.aluteckk.sk\/standardneprofily\/wp-json\/wp\/v2\/product\/3767"}],"collection":[{"href":"https:\/\/katalog.aluteckk.sk\/standardneprofily\/wp-json\/wp\/v2\/product"}],"about":[{"href":"https:\/\/katalog.aluteckk.sk\/standardneprofily\/wp-json\/wp\/v2\/types\/product"}],"wp:featuredmedia":[{"embeddable":true,"href":"https:\/\/katalog.aluteckk.sk\/standardneprofily\/wp-json\/wp\/v2\/media\/1325"}],"wp:attachment":[{"href":"https:\/\/katalog.aluteckk.sk\/standardneprofily\/wp-json\/wp\/v2\/media?parent=3767"}],"curies":[{"name":"wp","href":"https:\/\/api.w.org\/{rel}","templated":true}]}}