{"id":3764,"date":"2019-10-27T10:27:16","date_gmt":"2019-10-27T09:27:16","guid":{"rendered":"https:\/\/katalog.aluteckk.sk\/standardneprofily\/?post_type=product&#038;p=3764"},"modified":"2022-03-31T16:08:53","modified_gmt":"2022-03-31T14:08:53","slug":"hlinikova-tyc-plocha-stvorcova-50-x-22","status":"publish","type":"product","link":"https:\/\/katalog.aluteckk.sk\/standardneprofily\/produkt\/hlinikova-tyc-plocha-stvorcova-50-x-22\/","title":{"rendered":"Hlin\u00edkov\u00e1 ty\u010d ploch\u00e1 \/ \u0161tvorcov\u00e1"},"content":{"rendered":"","protected":false},"excerpt":{"rendered":"","protected":false},"featured_media":1325,"template":"","meta":[],"_links":{"self":[{"href":"https:\/\/katalog.aluteckk.sk\/standardneprofily\/wp-json\/wp\/v2\/product\/3764"}],"collection":[{"href":"https:\/\/katalog.aluteckk.sk\/standardneprofily\/wp-json\/wp\/v2\/product"}],"about":[{"href":"https:\/\/katalog.aluteckk.sk\/standardneprofily\/wp-json\/wp\/v2\/types\/product"}],"wp:featuredmedia":[{"embeddable":true,"href":"https:\/\/katalog.aluteckk.sk\/standardneprofily\/wp-json\/wp\/v2\/media\/1325"}],"wp:attachment":[{"href":"https:\/\/katalog.aluteckk.sk\/standardneprofily\/wp-json\/wp\/v2\/media?parent=3764"}],"curies":[{"name":"wp","href":"https:\/\/api.w.org\/{rel}","templated":true}]}}