{"id":1512,"date":"2019-04-29T22:07:10","date_gmt":"2019-04-29T20:07:10","guid":{"rendered":"https:\/\/katalog.aluteckk.sk\/standardneprofily\/produkt\/hlinikovy-jekl-30-x-30-x-2\/"},"modified":"2022-03-31T16:08:17","modified_gmt":"2022-03-31T14:08:17","slug":"hlinikovy-jekl-30-x-30-x-2","status":"publish","type":"product","link":"https:\/\/katalog.aluteckk.sk\/standardneprofily\/produkt\/hlinikovy-jekl-30-x-30-x-2\/","title":{"rendered":"Hlin\u00edkov\u00e1 r\u00fara \u0161tvorhrann\u00e1"},"content":{"rendered":"","protected":false},"excerpt":{"rendered":"","protected":false},"featured_media":1323,"template":"","meta":[],"_links":{"self":[{"href":"https:\/\/katalog.aluteckk.sk\/standardneprofily\/wp-json\/wp\/v2\/product\/1512"}],"collection":[{"href":"https:\/\/katalog.aluteckk.sk\/standardneprofily\/wp-json\/wp\/v2\/product"}],"about":[{"href":"https:\/\/katalog.aluteckk.sk\/standardneprofily\/wp-json\/wp\/v2\/types\/product"}],"wp:featuredmedia":[{"embeddable":true,"href":"https:\/\/katalog.aluteckk.sk\/standardneprofily\/wp-json\/wp\/v2\/media\/1323"}],"wp:attachment":[{"href":"https:\/\/katalog.aluteckk.sk\/standardneprofily\/wp-json\/wp\/v2\/media?parent=1512"}],"curies":[{"name":"wp","href":"https:\/\/api.w.org\/{rel}","templated":true}]}}