{"id":1476,"date":"2019-04-29T22:07:03","date_gmt":"2019-04-29T20:07:03","guid":{"rendered":"https:\/\/katalog.aluteckk.sk\/standardneprofily\/produkt\/hlinikova-trubka-70-x-3\/"},"modified":"2022-03-31T16:08:10","modified_gmt":"2022-03-31T14:08:10","slug":"hlinikova-trubka-70-x-3","status":"publish","type":"product","link":"https:\/\/katalog.aluteckk.sk\/standardneprofily\/produkt\/hlinikova-trubka-70-x-3\/","title":{"rendered":"Hlin\u00edkov\u00e1 r\u00fara kruhov\u00e1"},"content":{"rendered":"","protected":false},"excerpt":{"rendered":"","protected":false},"featured_media":1322,"template":"","meta":[],"_links":{"self":[{"href":"https:\/\/katalog.aluteckk.sk\/standardneprofily\/wp-json\/wp\/v2\/product\/1476"}],"collection":[{"href":"https:\/\/katalog.aluteckk.sk\/standardneprofily\/wp-json\/wp\/v2\/product"}],"about":[{"href":"https:\/\/katalog.aluteckk.sk\/standardneprofily\/wp-json\/wp\/v2\/types\/product"}],"wp:featuredmedia":[{"embeddable":true,"href":"https:\/\/katalog.aluteckk.sk\/standardneprofily\/wp-json\/wp\/v2\/media\/1322"}],"wp:attachment":[{"href":"https:\/\/katalog.aluteckk.sk\/standardneprofily\/wp-json\/wp\/v2\/media?parent=1476"}],"curies":[{"name":"wp","href":"https:\/\/api.w.org\/{rel}","templated":true}]}}