{"id":1464,"date":"2019-04-29T22:06:58","date_gmt":"2019-04-29T20:06:58","guid":{"rendered":"https:\/\/katalog.aluteckk.sk\/standardneprofily\/produkt\/hlinikova-trubka-50-x-2\/"},"modified":"2022-03-31T16:08:09","modified_gmt":"2022-03-31T14:08:09","slug":"hlinikova-trubka-50-x-2","status":"publish","type":"product","link":"https:\/\/katalog.aluteckk.sk\/standardneprofily\/produkt\/hlinikova-trubka-50-x-2\/","title":{"rendered":"Hlin\u00edkov\u00e1 r\u00fara kruhov\u00e1"},"content":{"rendered":"","protected":false},"excerpt":{"rendered":"","protected":false},"featured_media":1322,"template":"","meta":[],"_links":{"self":[{"href":"https:\/\/katalog.aluteckk.sk\/standardneprofily\/wp-json\/wp\/v2\/product\/1464"}],"collection":[{"href":"https:\/\/katalog.aluteckk.sk\/standardneprofily\/wp-json\/wp\/v2\/product"}],"about":[{"href":"https:\/\/katalog.aluteckk.sk\/standardneprofily\/wp-json\/wp\/v2\/types\/product"}],"wp:featuredmedia":[{"embeddable":true,"href":"https:\/\/katalog.aluteckk.sk\/standardneprofily\/wp-json\/wp\/v2\/media\/1322"}],"wp:attachment":[{"href":"https:\/\/katalog.aluteckk.sk\/standardneprofily\/wp-json\/wp\/v2\/media?parent=1464"}],"curies":[{"name":"wp","href":"https:\/\/api.w.org\/{rel}","templated":true}]}}