{"id":11547,"date":"2020-05-11T21:03:56","date_gmt":"2020-05-11T19:03:56","guid":{"rendered":"https:\/\/katalog.aluteckk.sk\/standardneprofily\/?post_type=product&#038;p=11547"},"modified":"2022-03-31T16:08:02","modified_gmt":"2022-03-31T14:08:02","slug":"hlinikova-trubka-28-x-1-5","status":"publish","type":"product","link":"https:\/\/katalog.aluteckk.sk\/standardneprofily\/produkt\/hlinikova-trubka-28-x-1-5\/","title":{"rendered":"Hlin\u00edkov\u00e1 r\u00fara kruhov\u00e1"},"content":{"rendered":"","protected":false},"excerpt":{"rendered":"","protected":false},"featured_media":1322,"template":"","meta":[],"_links":{"self":[{"href":"https:\/\/katalog.aluteckk.sk\/standardneprofily\/wp-json\/wp\/v2\/product\/11547"}],"collection":[{"href":"https:\/\/katalog.aluteckk.sk\/standardneprofily\/wp-json\/wp\/v2\/product"}],"about":[{"href":"https:\/\/katalog.aluteckk.sk\/standardneprofily\/wp-json\/wp\/v2\/types\/product"}],"wp:featuredmedia":[{"embeddable":true,"href":"https:\/\/katalog.aluteckk.sk\/standardneprofily\/wp-json\/wp\/v2\/media\/1322"}],"wp:attachment":[{"href":"https:\/\/katalog.aluteckk.sk\/standardneprofily\/wp-json\/wp\/v2\/media?parent=11547"}],"curies":[{"name":"wp","href":"https:\/\/api.w.org\/{rel}","templated":true}]}}